{"id":1785,"date":"2018-03-09T09:33:32","date_gmt":"2018-03-09T09:33:32","guid":{"rendered":"https:\/\/www.nigran.es\/turismo\/?page_id=1785"},"modified":"2025-03-27T12:49:51","modified_gmt":"2025-03-27T12:49:51","slug":"politica-de-privacidade","status":"publish","type":"page","link":"https:\/\/www.nigran.es\/turismo\/gl\/politica-de-privacidade\/","title":{"rendered":"Pol\u00edtica de privacidade"},"content":{"rendered":"<p>O tratamento dos datos de car\u00e1cter persoal que se reciban a trav\u00e9s desta web axustarase aos principios e obrigaci\u00f3ns establecidos no Regulamento (UE) 2016\/679 do Parlamento Europeo e do Consello do 27 de abril de 2016 relativo \u00e1 protecci\u00f3n das persoas f\u00edsicas no que respecta ao tratamento de datos persoais e \u00e1 libre circulaci\u00f3n destes datos ( RGPD ) e a Lei Org\u00e1nica 3\/2018, do 5 de decembro, de Protecci\u00f3n de Datos Persoais e garant\u00eda dos dereitos dixitais ( LOPDGDD ).<\/p>\n<p>A web do Concello de Nigr\u00e1n comprom\u00e9tese ao cumprimento da s\u00faa obriga de segredo con respecto aos datos de car\u00e1cter persoal que poidan ser solicitados a trav\u00e9s dos servizos desta sede, e ao deber de tratalos con confidencialidade. A estes efectos, adoptaranse as medidas necesarias para evitar a s\u00faa alteraci\u00f3n, perda, tratamento ou acceso non autorizado.<\/p>\n<p>A recollida e tratamento automatizado de datos de car\u00e1cter persoal ten como \u00fanica finalidade a prestaci\u00f3n dos servizos solicitados, e o seguimento de consultas realizadas polas persoas usuarias. Non se utilizar\u00e1n para ningunha outra finalidade nin ser\u00e1n cedidos a terceiros sen o seu consentimento, salvo nos casos e coas condici\u00f3ns previstas na Lei Org\u00e1nica 3\/2018.<\/p>\n<p>Para a prestaci\u00f3n dos servizos a trav\u00e9s desta sede electr\u00f3nica, os datos persoais necesarios est\u00e1n inclu\u00eddos en ficheiros inscritos no rexistro da Axencia Espa\u00f1ola de Protecci\u00f3n de Datos.<br \/>\nEn todo momento poderanse exercer os dereitos de acceso, rectificaci\u00f3n, cancelaci\u00f3n ou oposici\u00f3n solicit\u00e1ndoo ao Concello por calquera medio que deixe constancia do seu env\u00edo e da s\u00faa recepci\u00f3n.<\/p>\n<p>A web do Concello de Nigr\u00e1n mant\u00e9n os niveis de protecci\u00f3n dos seus datos persoais conforme ao previsto no Regulamento de desenvolvemento da Lei Org\u00e1nica 3\/2018, e estableceu todos os medios t\u00e9cnicos ao seu alcance para evitar a perda, mal uso, alteraci\u00f3n, acceso non autorizado e roubo dos datos que facilite \u00e1 web do Concello de Nigr\u00e1n.<\/p>\n<p>&nbsp;<\/p>\n<h2>POL\u00cdTICA DE COOKIES<\/h2>\n<p>Cookie\u00a0es un fichero que se descarga en su ordenador al acceder a determinadas p\u00e1ginas web. Las cookies permiten a una p\u00e1gina web, entre otras cosas, almacenar y recuperar informaci\u00f3n sobre los h\u00e1bitos de navegaci\u00f3n de un usuario o de su equipo y, dependiendo de la informaci\u00f3n que contengan y de la forma en que utilice su equipo, pueden utilizarse para reconocer al usuario.. El navegador del usuario memoriza cookies en el disco duro solamente durante la sesi\u00f3n actual ocupando un espacio de memoria m\u00ednimo y no perjudicando al ordenador. Las cookies no contienen ninguna clase de informaci\u00f3n personal espec\u00edfica, y la mayor\u00eda de las mismas se borran del disco duro al finalizar la sesi\u00f3n de navegador (las denominadas cookies de sesi\u00f3n).<\/p>\n<p>La mayor\u00eda de los navegadores aceptan como est\u00e1ndar a las cookies y, con independencia de las mismas, permiten o impiden en los ajustes de seguridad las cookies temporales o memorizadas.<\/p>\n<p>Sin su expreso consentimiento \u2013mediante la activaci\u00f3n de las cookies en su navegador\u2013XXXXX no enlazar\u00e1 en las cookies los datos memorizados con sus datos personales proporcionados en el momento del registro o la compra..<\/p>\n<p><strong>\u00bfQu\u00e9 tipos de cookies utiliza esta p\u00e1gina web?<\/strong><\/p>\n<ul>\n<li>Cookies\u00a0t\u00e9cnicas: Son aqu\u00e9llas que permiten al usuario la navegaci\u00f3n a trav\u00e9s de una p\u00e1gina web, plataforma o aplicaci\u00f3n y la utilizaci\u00f3n de las diferentes opciones o servicios que en ella existan como, por ejemplo, controlar el tr\u00e1fico y la comunicaci\u00f3n de datos, identificar la sesi\u00f3n, acceder a partes de acceso restringido, recordar los elementos que integran un pedido, realizar el proceso de compra de un pedido, realizar la solicitud de inscripci\u00f3n o participaci\u00f3n en un evento, utilizar elementos de seguridad durante la navegaci\u00f3n, almacenar contenidos para la difusi\u00f3n de videos o sonido o compartir contenidos a trav\u00e9s de redes sociales.<\/li>\n<li>Cookies\u00a0de personalizaci\u00f3n: Son aqu\u00e9llas que permiten al usuario acceder al servicio con algunas caracter\u00edsticas de car\u00e1cter general predefinidas en funci\u00f3n de una serie de criterios en el terminal del usuario como por ejemplo serian el idioma, el tipo de navegador a trav\u00e9s del cual accede al servicio, la configuraci\u00f3n regional desde donde accede al servicio, etc.<\/li>\n<li>Cookies de an\u00e1lisis: Son aqu\u00e9llas que bien tratadas por nosotros o por terceros, nos permiten cuantificar el n\u00famero de usuarios y as\u00ed realizar la medici\u00f3n y an\u00e1lisis estad\u00edstico de la utilizaci\u00f3n que hacen los usuarios del servicio ofertado. Para ello se analiza su navegaci\u00f3n en nuestra p\u00e1gina web con el fin de mejorar la oferta de productos o servicios que le ofrecemos.<\/li>\n<\/ul>\n<p><strong>Cookies de terceros<\/strong>: La Web de <a href=\"https:\/\/www.nigran.es\/\">nigran.es<\/a>\u00a0puede utilizar\u00a0servicios de terceros que recopilaran informaci\u00f3n con fines estad\u00edsticos, de uso del Site por parte del usuario y para la prestacion de otros servicios relacionados con la actividad del Website y otros servicios de Internet.<\/p>\n<p>En particular, este sitio Web utiliza Google Analytics, un servicio anal\u00edtico de web prestado por Google, Inc. con domicilio en los Estados Unidos con sede central en 1600 Amphitheatre Parkway, Mountain View, California 94043.\u00a0 Para la prestaci\u00f3n de estos servicios, estos\u00a0utilizan cookies que recopilan la informaci\u00f3n, incluida la direcci\u00f3n IP del usuario, que ser\u00e1\u00a0transmitida, tratada y almacenada por\u00a0Google\u00a0en los t\u00e9rminos fijados en la Web Google.com. Incluyendo la posible\u00a0transmisi\u00f3n de dicha informaci\u00f3n a terceros por razones de exigencia legal o cuando dichos terceros\u00a0procesen la informaci\u00f3n por cuenta de Google.<\/p>\n<p>(En este punto la AGPD sugiere incluir cada una de las cookies de terceros utilizadas y los datos de dichos terceros. Por evidentes razones en este modelo s\u00f3lo se ha incluido la Google en el uso de Analytics por ser la m\u00e1s extendida y com\u00fan.)<\/p>\n<p><strong>El Usuario acepta expresamente, por la utilizaci\u00f3n de este Site,\u00a0el tratamiento de la informaci\u00f3n\u00a0recabada en la forma y con los fines anteriormente mencionados.<\/strong>\u00a0Y asimismo reconoce conocer la posibilidad de rechazar el tratamiento de\u00a0tales datos o informaci\u00f3n\u00a0rechazando el uso de Cookies mediante la selecci\u00f3n de la configuraci\u00f3n apropiada a tal fin en su navegador. Si bien esta opci\u00f3n de bloqueo de Cookies en su navegador puede no permitirle el uso pleno de todas las funcionalidades del Website.<\/p>\n<p>Puede usted permitir, bloquear o eliminar las cookies instaladas en su equipo mediante la configuraci\u00f3n de las opciones del navegador instalado en su ordenador:<\/p>\n<ul>\n<li><a href=\"http:\/\/support.google.com\/chrome\/bin\/answer.py?hl=es&amp;answer=95647\" target=\"_blank\" rel=\"noopener\">Chrome<\/a><\/li>\n<li><a href=\"http:\/\/windows.microsoft.com\/es-es\/windows7\/how-to-manage-cookies-in-internet-explorer-9\" target=\"_blank\" rel=\"noopener\">Explorer<\/a><\/li>\n<li><a href=\"http:\/\/support.mozilla.org\/es\/kb\/habilitar-y-deshabilitar-cookies-que-los-sitios-we\" target=\"_blank\" rel=\"noopener\">Firefox<\/a><\/li>\n<li><a href=\"http:\/\/support.apple.com\/kb\/ph5042\" target=\"_blank\" rel=\"noopener\">Safari<\/a><\/li>\n<\/ul>\n<p>Si tiene dudas sobre esta pol\u00edtica de cookies, puede contactar\u00a0 en <a href=\"mailto:info@nigran.org\">info@nigran.org<\/a><\/p>\n","protected":false},"excerpt":{"rendered":"<p>O tratamento dos datos de car\u00e1cter persoal que se reciban a trav\u00e9s desta web axustarase aos principios e obrigaci\u00f3ns establecidos no Regulamento (UE) 2016\/679 do Parlamento Europeo e do Consello do 27 de abril de 2016 relativo \u00e1 protecci\u00f3n das persoas f\u00edsicas no que respecta ao tratamento de datos persoais e \u00e1 libre circulaci\u00f3n destes [&hellip;]<\/p>\n","protected":false},"author":1,"featured_media":0,"parent":0,"menu_order":0,"comment_status":"closed","ping_status":"closed","template":"","meta":{"footnotes":""},"_links":{"self":[{"href":"https:\/\/www.nigran.es\/turismo\/gl\/wp-json\/wp\/v2\/pages\/1785"}],"collection":[{"href":"https:\/\/www.nigran.es\/turismo\/gl\/wp-json\/wp\/v2\/pages"}],"about":[{"href":"https:\/\/www.nigran.es\/turismo\/gl\/wp-json\/wp\/v2\/types\/page"}],"author":[{"embeddable":true,"href":"https:\/\/www.nigran.es\/turismo\/gl\/wp-json\/wp\/v2\/users\/1"}],"replies":[{"embeddable":true,"href":"https:\/\/www.nigran.es\/turismo\/gl\/wp-json\/wp\/v2\/comments?post=1785"}],"version-history":[{"count":3,"href":"https:\/\/www.nigran.es\/turismo\/gl\/wp-json\/wp\/v2\/pages\/1785\/revisions"}],"predecessor-version":[{"id":4605,"href":"https:\/\/www.nigran.es\/turismo\/gl\/wp-json\/wp\/v2\/pages\/1785\/revisions\/4605"}],"wp:attachment":[{"href":"https:\/\/www.nigran.es\/turismo\/gl\/wp-json\/wp\/v2\/media?parent=1785"}],"curies":[{"name":"wp","href":"https:\/\/api.w.org\/{rel}","templated":true}]}}