{"id":285,"date":"2017-09-04T09:42:27","date_gmt":"2017-09-04T09:42:27","guid":{"rendered":"https:\/\/www.nigran.es\/imagen-corporativa\/"},"modified":"2018-03-06T17:35:12","modified_gmt":"2018-03-06T17:35:12","slug":"imagen-corporativa","status":"publish","type":"page","link":"https:\/\/www.nigran.es\/es\/imagen-corporativa\/","title":{"rendered":"Imagen corporativa"},"content":{"rendered":"<h2>Historia de la bandera y el escudo de Nigr\u00e1n<\/h2>\n<div align=\"center\"><img loading=\"lazy\" decoding=\"async\" class=\"alignnone size-full wp-image-12313\" src=\"https:\/\/www.nigran.es\/wp-content\/uploads\/2017\/12\/bandera_nigran.jpg\" alt=\"\" width=\"400\" height=\"267\" srcset=\"https:\/\/www.nigran.es\/wp-content\/uploads\/2017\/12\/bandera_nigran.jpg 400w, https:\/\/www.nigran.es\/wp-content\/uploads\/2017\/12\/bandera_nigran-300x200.jpg 300w\" sizes=\"(max-width: 400px) 100vw, 400px\" \/>\u00a0 \u00a0 \u00a0 \u00a0<img loading=\"lazy\" decoding=\"async\" class=\"alignnone size-medium wp-image-12316\" src=\"https:\/\/www.nigran.es\/wp-content\/uploads\/2017\/12\/Escudo_de_Nigr\u00e1n-173x300.png\" alt=\"\" width=\"173\" height=\"300\" srcset=\"https:\/\/www.nigran.es\/wp-content\/uploads\/2017\/12\/Escudo_de_Nigr\u00e1n-173x300.png 173w, https:\/\/www.nigran.es\/wp-content\/uploads\/2017\/12\/Escudo_de_Nigr\u00e1n.png 550w\" sizes=\"(max-width: 173px) 100vw, 173px\" \/><\/div>\n<p>&nbsp;<\/p>\n<p>De gules, tres ondas de plata resaltadas de un b\u00e1culo de oro, puesto en palo; bordura de azur, con cinco veneras de oro; franco-cuartel con el cuartelado real de San Fernando. Al timbre, corona real cerrada.<\/p>\n<p>Las armas de este Concello se conforman a partir de la viejas jurisdicciones que reg\u00edan sobre las tierras que terminaron por constituir el actual t\u00e9rmino municipal. En el campo, se recuerda a trav\u00e9s del b\u00e1culo el monasterio Bieito de Oia, que ejerc\u00eda su jurisdicci\u00f3n sobre Panx\u00f3n, el antiqu\u00edsimo puerto romano de San Pantale\u00f3n. En la bordura se alude, con cinco vieiras, a Priegue, convertida en villa condal cuando don Baltasar de Sequeiros fue agraciado con el t\u00edtulo del mismo nombre en el a\u00f1o 1643, circunstancia jurisdiccional que se mantendr\u00eda hasta principios del siglo pasado. Y finalmente, la jurisdicci\u00f3n real de la que gozaban las parroquias de Camos, Chandebrito, Parada, San Pedro da Ramallosa y la propia de Nigr\u00e1n, por lo que depend\u00edan de la villa de Baiona, lo que se recuerda en estas armas con cuartelado de San Fernando dispuesto sobre un franco-cuartel.<\/p>\n<p>Decreto 326\/1995, do 2 de diciembre DOG n\u00fam. 242 (20 de diciembre de 1995)<\/p>\n","protected":false},"excerpt":{"rendered":"<p>Historia de la bandera y el escudo de Nigr\u00e1n \u00a0 \u00a0 \u00a0 \u00a0 &nbsp; De gules, tres ondas de plata resaltadas de un b\u00e1culo de oro, puesto en palo; bordura de azur, con cinco veneras de oro; franco-cuartel con el cuartelado real de San Fernando. Al timbre, corona real cerrada. Las armas de este Concello [&hellip;]<\/p>\n","protected":false},"author":1,"featured_media":0,"parent":0,"menu_order":0,"comment_status":"closed","ping_status":"closed","template":"","meta":{"footnotes":""},"_links":{"self":[{"href":"https:\/\/www.nigran.es\/es\/wp-json\/wp\/v2\/pages\/285"}],"collection":[{"href":"https:\/\/www.nigran.es\/es\/wp-json\/wp\/v2\/pages"}],"about":[{"href":"https:\/\/www.nigran.es\/es\/wp-json\/wp\/v2\/types\/page"}],"author":[{"embeddable":true,"href":"https:\/\/www.nigran.es\/es\/wp-json\/wp\/v2\/users\/1"}],"replies":[{"embeddable":true,"href":"https:\/\/www.nigran.es\/es\/wp-json\/wp\/v2\/comments?post=285"}],"version-history":[{"count":0,"href":"https:\/\/www.nigran.es\/es\/wp-json\/wp\/v2\/pages\/285\/revisions"}],"wp:attachment":[{"href":"https:\/\/www.nigran.es\/es\/wp-json\/wp\/v2\/media?parent=285"}],"curies":[{"name":"wp","href":"https:\/\/api.w.org\/{rel}","templated":true}]}}