{"id":193,"date":"2018-03-09T09:33:21","date_gmt":"2018-03-09T09:33:21","guid":{"rendered":"https:\/\/www.nigran.es\/deporte\/politica-de-privacidade\/"},"modified":"2025-03-27T13:02:55","modified_gmt":"2025-03-27T13:02:55","slug":"politica-de-privacidade","status":"publish","type":"page","link":"https:\/\/www.nigran.es\/deporte\/es\/politica-de-privacidade\/","title":{"rendered":"Pol\u00edtica de privacidad"},"content":{"rendered":"<p>El tratamiento de los datos de car\u00e1cter personal que se reciban a trav\u00e9s de esta web se ajustar\u00e1 a los principios y obligaciones establecidos en el Reglamento (UE) 2016\/679 del Parlamento Europeo y del Consejo de 27 de abril de 2016 relativo a la protecci\u00f3n de las personas f\u00edsicas en el que respeta al tratamiento de datos personales y a la libre circulaci\u00f3n de estos datos ( RGPD ) y la Ley Org\u00e1nica 3\/2018, de 5 de diciembre , de Protecci\u00f3n de Datos Personales y garant\u00eda de los derechos digitales ( LOPDGDD ).<\/p>\n<p>La web del Ayuntamiento de Nigr\u00e1n se compromete al cumplimiento de su deber de secreto con respeto a los datos de car\u00e1cter personal que puedan ser solicitados a trav\u00e9s de los servicios de esta sede, y al deber de tratarlos con confidencialidad. La estos efectos, se adoptar\u00e1n las medidas necesarias para evitar su alteraci\u00f3n, p\u00e9rdida, tratamiento o acceso no autorizado.<\/p>\n<p>La recogida y tratamiento automatizada de datos de car\u00e1cter personal tiene c\u00f3mo \u00fanica finalidad a prestaci\u00f3n de los servicios solicitados, y el seguimiento de consultas realizadas por las personas usuarias. No se utilizar\u00e1n para ninguna otra finalidad ni ser\u00e1n cedidos a terceros sin su consentimiento, salvo en los casos y con las condiciones previstas en la Ley Org\u00e1nica 3\/2018.<\/p>\n<p>Para la prestaci\u00f3n de los servicios a trav\u00e9s de esta sede electr\u00f3nica, los datos personales necesarios est\u00e1n incluidos en ficheros inscritos en el registro de la Agencia Espa\u00f1ola de Protecci\u00f3n de Datos.<br \/>\nEn todo momento se podr\u00e1n ejercer los derechos de acceso, rectificaci\u00f3n, cancelaci\u00f3n u oposici\u00f3n solicit\u00e1ndolo al Ayuntamiento por cualquiera medio que deje constancia de su env\u00edo y de su recepci\u00f3n.<\/p>\n<p>La web del Ayuntamiento de Nigr\u00e1n mantiene los niveles de protecci\u00f3n de sus datos personales conforme al previsto en el Reglamento de desarrollo de la Ley Org\u00e1nica 3\/2018, y estableci\u00f3 todos los medios t\u00e9cnicos a su alcance para evitar la p\u00e9rdida, mal uso, alteraci\u00f3n, acceso no autorizado y robo de los datos que facilite a la web del Ayuntamiento de Nigr\u00e1n.<\/p>\n<h2>POL\u00cdTICA DE COOKIES<\/h2>\n<p>Cookie\u00a0es un fichero que se descarga en su ordenador al acceder a determinadas p\u00e1ginas web. Las cookies permiten a una p\u00e1gina web, entre otras cosas, almacenar y recuperar informaci\u00f3n sobre los h\u00e1bitos de navegaci\u00f3n de un usuario o de su equipo y, dependiendo de la informaci\u00f3n que contengan y de la forma en que utilice su equipo, pueden utilizarse para reconocer al usuario.. El navegador del usuario memoriza cookies en el disco duro solamente durante la sesi\u00f3n actual ocupando un espacio de memoria m\u00ednimo y no perjudicando al ordenador. Las cookies no contienen ninguna clase de informaci\u00f3n personal espec\u00edfica, y la mayor\u00eda de las mismas se borran del disco duro al finalizar la sesi\u00f3n de navegador (las denominadas cookies de sesi\u00f3n).<\/p>\n<p>La mayor\u00eda de los navegadores aceptan como est\u00e1ndar a las cookies y, con independencia de las mismas, permiten o impiden en los ajustes de seguridad las cookies temporales o memorizadas.<\/p>\n<p>Sin su expreso consentimiento \u2013mediante la activaci\u00f3n de las cookies en su navegador\u2013XXXXX no enlazar\u00e1 en las cookies los datos memorizados con sus datos personales proporcionados en el momento del registro o la compra..<\/p>\n<p><strong>\u00bfQu\u00e9 tipos de cookies utiliza esta p\u00e1gina web?<\/strong><\/p>\n<ul>\n<li>Cookies\u00a0t\u00e9cnicas: Son aqu\u00e9llas que permiten al usuario la navegaci\u00f3n a trav\u00e9s de una p\u00e1gina web, plataforma o aplicaci\u00f3n y la utilizaci\u00f3n de las diferentes opciones o servicios que en ella existan como, por ejemplo, controlar el tr\u00e1fico y la comunicaci\u00f3n de datos, identificar la sesi\u00f3n, acceder a partes de acceso restringido, recordar los elementos que integran un pedido, realizar el proceso de compra de un pedido, realizar la solicitud de inscripci\u00f3n o participaci\u00f3n en un evento, utilizar elementos de seguridad durante la navegaci\u00f3n, almacenar contenidos para la difusi\u00f3n de videos o sonido o compartir contenidos a trav\u00e9s de redes sociales.<\/li>\n<li>Cookies\u00a0de personalizaci\u00f3n: Son aqu\u00e9llas que permiten al usuario acceder al servicio con algunas caracter\u00edsticas de car\u00e1cter general predefinidas en funci\u00f3n de una serie de criterios en el terminal del usuario como por ejemplo serian el idioma, el tipo de navegador a trav\u00e9s del cual accede al servicio, la configuraci\u00f3n regional desde donde accede al servicio, etc.<\/li>\n<li>Cookies de an\u00e1lisis: Son aqu\u00e9llas que bien tratadas por nosotros o por terceros, nos permiten cuantificar el n\u00famero de usuarios y as\u00ed realizar la medici\u00f3n y an\u00e1lisis estad\u00edstico de la utilizaci\u00f3n que hacen los usuarios del servicio ofertado. Para ello se analiza su navegaci\u00f3n en nuestra p\u00e1gina web con el fin de mejorar la oferta de productos o servicios que le ofrecemos.<\/li>\n<\/ul>\n<p><strong>Cookies de terceros<\/strong>: La Web de <a href=\"https:\/\/www.nigran.es\/\">nigran.es<\/a>\u00a0puede utilizar\u00a0servicios de terceros que recopilaran informaci\u00f3n con fines estad\u00edsticos, de uso del Site por parte del usuario y para la prestacion de otros servicios relacionados con la actividad del Website y otros servicios de Internet.<\/p>\n<p>En particular, este sitio Web utiliza Google Analytics, un servicio anal\u00edtico de web prestado por Google, Inc. con domicilio en los Estados Unidos con sede central en 1600 Amphitheatre Parkway, Mountain View, California 94043.\u00a0 Para la prestaci\u00f3n de estos servicios, estos\u00a0utilizan cookies que recopilan la informaci\u00f3n, incluida la direcci\u00f3n IP del usuario, que ser\u00e1\u00a0transmitida, tratada y almacenada por\u00a0Google\u00a0en los t\u00e9rminos fijados en la Web Google.com. Incluyendo la posible\u00a0transmisi\u00f3n de dicha informaci\u00f3n a terceros por razones de exigencia legal o cuando dichos terceros\u00a0procesen la informaci\u00f3n por cuenta de Google.<\/p>\n<p>(En este punto la AGPD sugiere incluir cada una de las cookies de terceros utilizadas y los datos de dichos terceros. Por evidentes razones en este modelo s\u00f3lo se ha incluido la Google en el uso de Analytics por ser la m\u00e1s extendida y com\u00fan.)<\/p>\n<p><strong>El Usuario acepta expresamente, por la utilizaci\u00f3n de este Site,\u00a0el tratamiento de la informaci\u00f3n\u00a0recabada en la forma y con los fines anteriormente mencionados.<\/strong>\u00a0Y asimismo reconoce conocer la posibilidad de rechazar el tratamiento de\u00a0tales datos o informaci\u00f3n\u00a0rechazando el uso de Cookies mediante la selecci\u00f3n de la configuraci\u00f3n apropiada a tal fin en su navegador. Si bien esta opci\u00f3n de bloqueo de Cookies en su navegador puede no permitirle el uso pleno de todas las funcionalidades del Website.<\/p>\n<p>Puede usted permitir, bloquear o eliminar las cookies instaladas en su equipo mediante la configuraci\u00f3n de las opciones del navegador instalado en su ordenador:<\/p>\n<ul>\n<li><a href=\"http:\/\/support.google.com\/chrome\/bin\/answer.py?hl=es&amp;answer=95647\" target=\"_blank\" rel=\"noopener\">Chrome<\/a><\/li>\n<li><a href=\"http:\/\/windows.microsoft.com\/es-es\/windows7\/how-to-manage-cookies-in-internet-explorer-9\" target=\"_blank\" rel=\"noopener\">Explorer<\/a><\/li>\n<li><a href=\"http:\/\/support.mozilla.org\/es\/kb\/habilitar-y-deshabilitar-cookies-que-los-sitios-we\" target=\"_blank\" rel=\"noopener\">Firefox<\/a><\/li>\n<li><a href=\"http:\/\/support.apple.com\/kb\/ph5042\" target=\"_blank\" rel=\"noopener\">Safari<\/a><\/li>\n<\/ul>\n<p>Si tiene dudas sobre esta pol\u00edtica de cookies, puede contactar\u00a0 en <a href=\"mailto:info@nigran.org\">info@nigran.org<\/a><\/p>\n","protected":false},"excerpt":{"rendered":"<p>El tratamiento de los datos de car\u00e1cter personal que se reciban a trav\u00e9s de esta web se ajustar\u00e1 a los principios y obligaciones establecidos en el Reglamento (UE) 2016\/679 del Parlamento Europeo y del Consejo de 27 de abril de 2016 relativo a la protecci\u00f3n de las personas f\u00edsicas en el que respeta al tratamiento [&hellip;]<\/p>\n","protected":false},"author":1,"featured_media":0,"parent":0,"menu_order":0,"comment_status":"closed","ping_status":"closed","template":"","meta":{"footnotes":""},"_links":{"self":[{"href":"https:\/\/www.nigran.es\/deporte\/es\/wp-json\/wp\/v2\/pages\/193"}],"collection":[{"href":"https:\/\/www.nigran.es\/deporte\/es\/wp-json\/wp\/v2\/pages"}],"about":[{"href":"https:\/\/www.nigran.es\/deporte\/es\/wp-json\/wp\/v2\/types\/page"}],"author":[{"embeddable":true,"href":"https:\/\/www.nigran.es\/deporte\/es\/wp-json\/wp\/v2\/users\/1"}],"replies":[{"embeddable":true,"href":"https:\/\/www.nigran.es\/deporte\/es\/wp-json\/wp\/v2\/comments?post=193"}],"version-history":[{"count":3,"href":"https:\/\/www.nigran.es\/deporte\/es\/wp-json\/wp\/v2\/pages\/193\/revisions"}],"predecessor-version":[{"id":1423,"href":"https:\/\/www.nigran.es\/deporte\/es\/wp-json\/wp\/v2\/pages\/193\/revisions\/1423"}],"wp:attachment":[{"href":"https:\/\/www.nigran.es\/deporte\/es\/wp-json\/wp\/v2\/media?parent=193"}],"curies":[{"name":"wp","href":"https:\/\/api.w.org\/{rel}","templated":true}]}}